{"id":504,"date":"2015-03-31T09:50:18","date_gmt":"2015-03-31T09:50:18","guid":{"rendered":"http:\/\/www.kleversoft.net\/merca\/?page_id=504"},"modified":"2024-09-16T21:16:19","modified_gmt":"2024-09-16T19:16:19","slug":"aviso-legal","status":"publish","type":"page","link":"https:\/\/www.mercadisfraces.es\/blog\/aviso-legal\/","title":{"rendered":"Aviso Legal"},"content":{"rendered":"\n<p>\u00a0El presente Aviso Legal establece la informaci\u00f3n general que los prestadores de servicios de la sociedad de la informaci\u00f3n vienen obligados a poner a disposici\u00f3n de los consumidores y usuarios, por imperativo del Art.10 de la Ley 34\/2002, de 11 de julio, de servicios de la sociedad de la informaci\u00f3n y de comercio electr\u00f3nico.<\/p>\n\n\n\n<p>\u00a0En consecuencia, se informa de los siguientes extremos:<\/p>\n\n\n\n<p>&#8211; Vidaller Ma\u00f1\u00e9, S.L. (en adelante Mercadisfraces) es una empresa especializada en disfraces y todo tipo de art\u00edculos destinados a la fiesta, navidad, carnaval, halloween, despedidas, cumplea\u00f1os, etc, atendiendo orgullosamente a sus clientes desde el a\u00f1o 1991.<\/p>\n\n\n\n<p>&#8211; El dominio de Internet <a href=\"http:\/\/www.mercadisfraces.es\/\">www.mercadisfraces.es<\/a>&nbsp; es propiedad de la empresa Vidaller Ma\u00f1\u00e9, S.L., que tiene su domicilio en la calle Alguer, 2 bajos 43001 Tarragona, siendo su direcci\u00f3n de correo electr\u00f3nico <a href=\"mailto:info@mercadisfraces.es\">info@mercadisfraces.es<\/a> . Otros datos de contacto, tel\u00e9fono 977 231 888.<\/p>\n\n\n\n<p>&#8211; &nbsp;Mercadisfraces se encuentra inscrita en el Registro Mercantil de Tarragona en el Tomo 749, Folio 114, Hoja T-1832, Inscripci\u00f3n 1\u00aa.<\/p>\n\n\n\n<p>&#8211; \u00a0Mercadisfraces tiene por CIF.: B-43321090\u00a0<\/p>\n\n\n\n<p><strong>Uso del sitio web y aceptaci\u00f3n<\/strong><\/p>\n\n\n\n<p>El acceso al sitio web <a href=\"http:\/\/www.mercadisfraces.es\/\">www.mercadisfraces.es<\/a>&nbsp; atribuye la condici\u00f3n de usuario e implica la aceptaci\u00f3n plena y sin reservas por parte del usuario, de todas y cada una de las condiciones contenidas en este Aviso Legal.<\/p>\n\n\n\n<p>El contenido del presente Aviso Legal puede sufrir modificaciones por lo que su aceptaci\u00f3n por parte del usuario ser\u00e1 respecto del Aviso Legal publicado por Mercadisfraces en el momento en que el usuario acceda al sitio Web. Por lo tanto, cada vez que el usuario acceda al sitio Web, deber\u00e1 leer atentamente el presente Aviso Legal.<\/p>\n\n\n\n<p>Asimismo, el acceso al sitio web <a href=\"http:\/\/www.mercadisfraces.es\/\">www.mercadisfraces.es<\/a>\u00a0 se encuentra sometido a todos los avisos, condiciones de uso e instrucciones, puestos en conocimiento del usuario por Mercadisfraces que sustituyan, completen y\/o modifiquen el presente Aviso Legal.\u00a0<\/p>\n\n\n\n<p><strong>Condiciones de uso del sitio Web<\/strong><\/p>\n\n\n\n<p>El usuario se compromete a hacer uso de los servicios, productos y utilidades ofrecidos por Mercadisfraces a trav\u00e9s del sitio web <a href=\"http:\/\/www.mercadisfraces.es\/\">www.mercadisfraces.es<\/a> de conformidad con la ley, este Aviso Legal y dem\u00e1s avisos e instrucciones puestos en su conocimiento, as\u00ed como con la moral y las buenas costumbres generalmente aceptadas y el orden p\u00fablico.<\/p>\n\n\n\n<p>Con car\u00e1cter general, el acceso a la informaci\u00f3n y utilidades del sitio web no exige una previa suscripci\u00f3n o registro de usuario. No obstante lo anterior, el acceso a alguno de los servicios o productos que se ofrezcan a trav\u00e9s del sitio web puede estar condicionado a la previa cumplimentaci\u00f3n de un formulario de suscripci\u00f3n o registro. A estos efectos el usuario garantiza la autenticidad y veracidad de todos aquellos datos personales que comunique al cumplimentar el formulario de suscripci\u00f3n o registro. El usuario se compromete y responsabiliza de mantener toda la informaci\u00f3n facilitada de forma que responda, en cada momento, a su situaci\u00f3n actual. El tratamiento de los datos de car\u00e1cter personal suministrados por el usuario se realizar\u00e1 por Mercadisfraces con sujeci\u00f3n a la Pol\u00edtica de Privacidad contenida en este sitio Web.<\/p>\n\n\n\n<p><strong>Derechos de propiedad intelectual e industrial<\/strong><\/p>\n\n\n\n<p>Todas las marcas, nombres comerciales, signos distintivos, servicios, contenidos e informaciones de cualquier clase que aparecen en este sitio web son propiedad de Mercadisfraces, por lo que no podr\u00e1n ser reproducidos, distribuidos, comunicados p\u00fablicamente, transformados o modificados sin la autorizaci\u00f3n expresa de Mercadisfraces. Por contenidos de este sitio web entendemos, sin que esta enumeraci\u00f3n tenga car\u00e1cter limitativo, los textos, fotograf\u00edas, gr\u00e1ficos, im\u00e1genes, software, enlace y dem\u00e1s contenidos audiovisuales o sonoros, as\u00ed como su dise\u00f1o gr\u00e1fico y c\u00f3digos fuente.<\/p>\n\n\n\n<p>El usuario se abstendr\u00e1 de obtener los contenidos empleando para ello medios o procedimientos distintos de los que, seg\u00fan los casos, se han puesto a su disposici\u00f3n o, en general, de los que se empleen habitualmente en Internet siempre que, estos \u00faltimos, no entra\u00f1en un riesgo o da\u00f1o o inutilizaci\u00f3n del sitio web y\/o sus contenidos.<\/p>\n\n\n\n<p>Las posibles referencias que se hagan en el sitio Web de Mercadisfraces a cualquier producto, servicio, proceso, enlace, hipertexto o cualquier otra informaci\u00f3n utilizando la marca, el nombre comercial o el fabricante o suministrador, etc, que sean de titularidad de terceros no constituye o implica respaldo, patrocinio o recomendaci\u00f3n por parte de Mercadisfraces.<\/p>\n\n\n\n<p><strong>Exclusi\u00f3n de responsabilidades y garant\u00edas<\/strong><\/p>\n\n\n\n<p>a)&nbsp;&nbsp;&nbsp;&nbsp;&nbsp; Sobre los contenidos: Los datos, textos, informaciones, im\u00e1genes o sonidos publicados en el sitio Web <a href=\"http:\/\/www.mercadisfraces.es\/\">www.mercadisfraces.es<\/a>&nbsp; son mostrados con efectos meramente informativos para todas aquellas personas interesadas en los mismos, sin que su acceso genere relaci\u00f3n comercial, contractual o profesional entre los usuarios e mercadisfraces. En caso de discrepancia entre la informaci\u00f3n contenida en el sitio Web y la contenida en papel, prevalecer\u00e1 esta \u00faltima. Se advierte al usuario que antes de emprender cualquier acci\u00f3n derivada del contenido del sitio web, proceda a verificar la informaci\u00f3n obtenida poni\u00e9ndose en contacto con el Departamento de Atenci\u00f3n al Cliente en la direcci\u00f3n de correo electr\u00f3nico info@mercadisfraces.es.<\/p>\n\n\n\n<p>b)&nbsp;&nbsp;&nbsp;&nbsp; Sobre la disponibilidad y continuidad: Mercadisfraces excluye, con toda la extensi\u00f3n que permite nuestro ordenamiento jur\u00eddico, cualquier responsabilidad por los da\u00f1os y perjuicios de toda naturaleza causados por la falta de disponibilidad o de continuidad del acceso al sitio Web y sus servicios. El acceso a la informaci\u00f3n y servicios que presta este sitio Web tiene, en principio, una duraci\u00f3n indefinida. No obstante, Mercadisfraces podr\u00e1 dar por terminada o suspender el acceso a su sitio Web en cualquier momento.<\/p>\n\n\n\n<p>c)&nbsp;&nbsp;&nbsp;&nbsp;&nbsp; &nbsp;Sobre los virus y c\u00f3digos maliciosos: Mercadisfraces excluye, con toda la extensi\u00f3n que permite nuestro ordenamiento jur\u00eddico, cualquier responsabilidad por los da\u00f1os y perjuicios de toda naturaleza que puedan deberse a la presencia de virus u otros c\u00f3digos maliciosos en los contenidos que puedan producir cualquier tipo de da\u00f1os en el sistema inform\u00e1tico, documentos electr\u00f3nicos o ficheros de los usuarios.<\/p>\n\n\n\n<p>d)&nbsp;&nbsp;&nbsp;&nbsp; Sobre los enlaces (Linking): Mercadisfraces excluye, con toda la extensi\u00f3n que permite nuestro ordenamiento jur\u00eddico, cualquier responsabilidad por los da\u00f1os y perjuicios de toda naturaleza causados a los usuarios por el uso de dispositivos t\u00e9cnicos de enlaces (links), directorios y herramientas de b\u00fasqueda, que permiten a los usuarios acceder a sitios Web pertenecientes y\/o gestionados por terceros.<\/p>\n\n\n\n<p>e)&nbsp;&nbsp;&nbsp;&nbsp;&nbsp; Sobre el uso il\u00edcito: Mercadisfraces no se hace responsable del incumplimiento de cualquier norma aplicable en que pueda incurrir el usuario en su acceso al sitio Web y\/o utilizaci\u00f3n de las informaciones contenidas en la misma. Tampoco se hace responsable del uso ileg\u00edtimo que terceras personas puedan hacer de los nombres comerciales, marcas u otros signos distintivos que, no siendo propiedad de Mercadisfraces aparezcan en el sitio Web.<\/p>\n\n\n\n<p>\u00a0<strong>Notificaciones<\/strong><\/p>\n\n\n\n<p>Todas las notificaciones o comunicaciones realizadas por los usuarios a Mercadisfraces se considerar\u00e1n eficaces, a todos los efectos, cuando se dirijan al Servicio de Atenci\u00f3n al Cliente por alguna de las siguientes formas:<\/p>\n\n\n\n<p>&#8211; &nbsp;Mediante env\u00edo postal a la siguiente direcci\u00f3n: calle Alguer, 2 bajos 43001 Tarragona.<\/p>\n\n\n\n<p>&#8211; &nbsp;Mediante llamada telef\u00f3nica al n\u00famero 977 231 888.<\/p>\n\n\n\n<p>&#8211; &nbsp;Mediante env\u00edo de e-mail a la direcci\u00f3n: <a href=\"mailto:info@mercadisfraces.es\">info@mercadisfraces.es<\/a> .<\/p>\n\n\n\n<p>De igual forma, todas las notificaciones que realice Mercadisfraces al usuario se considerar\u00e1n eficaces, a todos los efectos, cuando se realicen por alguna de las siguientes formas:<\/p>\n\n\n\n<p>&#8211; Mediante env\u00edo postal a la direcci\u00f3n que el usuario haya previamente puesto en conocimiento de esta empresa.<\/p>\n\n\n\n<p>&#8211; Mediante llamada telef\u00f3nica al n\u00famero que el usuario haya puesto previamente en conocimiento de esta empresa.<\/p>\n\n\n\n<p>&#8211; Mediante env\u00edo de e-mail a la direcci\u00f3n de correo electr\u00f3nico que el usuario haya puesto previamente en conocimiento de esta empresa.<\/p>\n\n\n\n<p>Por lo tanto, para que estas notificaciones puedan llevarse a efecto es preciso que el usuario manifieste que todos los datos facilitados por \u00e9l son ciertos y actuales, comprometi\u00e9ndose a notificar cualquier modificaci\u00f3n de los mismos.<\/p>\n\n\n\n<p>\u00a0<strong>Legislaci\u00f3n y jurisdicci\u00f3n<\/strong><\/p>\n\n\n\n<p>La Legislaci\u00f3n aplicable al presente Aviso Legal ser\u00e1 la legislaci\u00f3n espa\u00f1ola, y la jurisdicci\u00f3n competente para conocer de cualesquiera demandas que este sitio Web suscite ser\u00e1 la de los Juzgados y Tribunales de Tarragona.<\/p>\n\n\n\n<p><\/p>\n","protected":false},"excerpt":{"rendered":"<p>\u00a0El presente Aviso Legal establece la informaci\u00f3n general que los prestadores de servicios de la sociedad de la informaci\u00f3n vienen obligados a poner a disposici\u00f3n de los consumidores y usuarios, por imperativo del Art.10 de la Ley 34\/2002, de 11 de julio, de servicios de la sociedad de la informaci\u00f3n y de comercio electr\u00f3nico. \u00a0En&#8230;<\/p>\n","protected":false},"author":1,"featured_media":512,"parent":0,"menu_order":0,"comment_status":"open","ping_status":"open","template":"","meta":{"_kad_blocks_custom_css":"","_kad_blocks_head_custom_js":"","_kad_blocks_body_custom_js":"","_kad_blocks_footer_custom_js":"","_kadence_starter_templates_imported_post":false,"_kad_post_transparent":"","_kad_post_title":"","_kad_post_layout":"normal","_kad_post_sidebar_id":"","_kad_post_content_style":"","_kad_post_vertical_padding":"","_kad_post_feature":"","_kad_post_feature_position":"","_kad_post_header":false,"_kad_post_footer":false,"footnotes":""},"class_list":["post-504","page","type-page","status-publish","has-post-thumbnail","hentry"],"yoast_head":"<!-- This site is optimized with the Yoast SEO plugin v23.4 - https:\/\/yoast.com\/wordpress\/plugins\/seo\/ -->\n<title>Aviso Legal - Blog Mercadisfraces<\/title>\n<meta name=\"robots\" content=\"index, follow, max-snippet:-1, max-image-preview:large, max-video-preview:-1\" \/>\n<link rel=\"canonical\" href=\"https:\/\/www.mercadisfraces.es\/blog\/aviso-legal\/\" \/>\n<meta property=\"og:locale\" content=\"es_ES\" \/>\n<meta property=\"og:type\" content=\"article\" \/>\n<meta property=\"og:title\" content=\"Aviso Legal - Blog Mercadisfraces\" \/>\n<meta property=\"og:description\" content=\"\u00a0El presente Aviso Legal establece la informaci\u00f3n general que los prestadores de servicios de la sociedad de la informaci\u00f3n vienen obligados a poner a disposici\u00f3n de los consumidores y usuarios, por imperativo del Art.10 de la Ley 34\/2002, de 11 de julio, de servicios de la sociedad de la informaci\u00f3n y de comercio electr\u00f3nico. \u00a0En...\" \/>\n<meta property=\"og:url\" content=\"https:\/\/www.mercadisfraces.es\/blog\/aviso-legal\/\" \/>\n<meta property=\"og:site_name\" content=\"Blog Mercadisfraces\" \/>\n<meta property=\"article:modified_time\" content=\"2024-09-16T19:16:19+00:00\" \/>\n<meta property=\"og:image\" content=\"https:\/\/www.mercadisfraces.es\/blog\/wp-content\/uploads\/2015\/03\/aviso-legal.jpg\" \/>\n\t<meta property=\"og:image:width\" content=\"625\" \/>\n\t<meta property=\"og:image:height\" content=\"369\" \/>\n\t<meta property=\"og:image:type\" content=\"image\/jpeg\" \/>\n<meta name=\"twitter:label1\" content=\"Tiempo de lectura\" \/>\n\t<meta name=\"twitter:data1\" content=\"7 minutos\" \/>\n<script type=\"application\/ld+json\" class=\"yoast-schema-graph\">{\"@context\":\"https:\/\/schema.org\",\"@graph\":[{\"@type\":\"WebPage\",\"@id\":\"https:\/\/www.mercadisfraces.es\/blog\/aviso-legal\/\",\"url\":\"https:\/\/www.mercadisfraces.es\/blog\/aviso-legal\/\",\"name\":\"Aviso Legal - Blog Mercadisfraces\",\"isPartOf\":{\"@id\":\"https:\/\/www.mercadisfraces.es\/blog\/#website\"},\"primaryImageOfPage\":{\"@id\":\"https:\/\/www.mercadisfraces.es\/blog\/aviso-legal\/#primaryimage\"},\"image\":{\"@id\":\"https:\/\/www.mercadisfraces.es\/blog\/aviso-legal\/#primaryimage\"},\"thumbnailUrl\":\"https:\/\/www.mercadisfraces.es\/blog\/wp-content\/uploads\/2015\/03\/aviso-legal.jpg\",\"datePublished\":\"2015-03-31T09:50:18+00:00\",\"dateModified\":\"2024-09-16T19:16:19+00:00\",\"breadcrumb\":{\"@id\":\"https:\/\/www.mercadisfraces.es\/blog\/aviso-legal\/#breadcrumb\"},\"inLanguage\":\"es\",\"potentialAction\":[{\"@type\":\"ReadAction\",\"target\":[\"https:\/\/www.mercadisfraces.es\/blog\/aviso-legal\/\"]}]},{\"@type\":\"ImageObject\",\"inLanguage\":\"es\",\"@id\":\"https:\/\/www.mercadisfraces.es\/blog\/aviso-legal\/#primaryimage\",\"url\":\"https:\/\/www.mercadisfraces.es\/blog\/wp-content\/uploads\/2015\/03\/aviso-legal.jpg\",\"contentUrl\":\"https:\/\/www.mercadisfraces.es\/blog\/wp-content\/uploads\/2015\/03\/aviso-legal.jpg\",\"width\":625,\"height\":369},{\"@type\":\"BreadcrumbList\",\"@id\":\"https:\/\/www.mercadisfraces.es\/blog\/aviso-legal\/#breadcrumb\",\"itemListElement\":[{\"@type\":\"ListItem\",\"position\":1,\"name\":\"Portada\",\"item\":\"https:\/\/www.mercadisfraces.es\/blog\/\"},{\"@type\":\"ListItem\",\"position\":2,\"name\":\"Aviso Legal\"}]},{\"@type\":\"WebSite\",\"@id\":\"https:\/\/www.mercadisfraces.es\/blog\/#website\",\"url\":\"https:\/\/www.mercadisfraces.es\/blog\/\",\"name\":\"Blog Mercadisfraces\",\"description\":\"El blog de tu tienda de disfraces online favorita\",\"publisher\":{\"@id\":\"https:\/\/www.mercadisfraces.es\/blog\/#organization\"},\"potentialAction\":[{\"@type\":\"SearchAction\",\"target\":{\"@type\":\"EntryPoint\",\"urlTemplate\":\"https:\/\/www.mercadisfraces.es\/blog\/?s={search_term_string}\"},\"query-input\":{\"@type\":\"PropertyValueSpecification\",\"valueRequired\":true,\"valueName\":\"search_term_string\"}}],\"inLanguage\":\"es\"},{\"@type\":\"Organization\",\"@id\":\"https:\/\/www.mercadisfraces.es\/blog\/#organization\",\"name\":\"Blog Mercadisfraces\",\"url\":\"https:\/\/www.mercadisfraces.es\/blog\/\",\"logo\":{\"@type\":\"ImageObject\",\"inLanguage\":\"es\",\"@id\":\"https:\/\/www.mercadisfraces.es\/blog\/#\/schema\/logo\/image\/\",\"url\":\"https:\/\/www.mercadisfraces.es\/blog\/wp-content\/uploads\/2015\/03\/mercablanco.png\",\"contentUrl\":\"https:\/\/www.mercadisfraces.es\/blog\/wp-content\/uploads\/2015\/03\/mercablanco.png\",\"width\":278,\"height\":50,\"caption\":\"Blog Mercadisfraces\"},\"image\":{\"@id\":\"https:\/\/www.mercadisfraces.es\/blog\/#\/schema\/logo\/image\/\"}}]}<\/script>\n<!-- \/ Yoast SEO plugin. -->","yoast_head_json":{"title":"Aviso Legal - Blog Mercadisfraces","robots":{"index":"index","follow":"follow","max-snippet":"max-snippet:-1","max-image-preview":"max-image-preview:large","max-video-preview":"max-video-preview:-1"},"canonical":"https:\/\/www.mercadisfraces.es\/blog\/aviso-legal\/","og_locale":"es_ES","og_type":"article","og_title":"Aviso Legal - Blog Mercadisfraces","og_description":"\u00a0El presente Aviso Legal establece la informaci\u00f3n general que los prestadores de servicios de la sociedad de la informaci\u00f3n vienen obligados a poner a disposici\u00f3n de los consumidores y usuarios, por imperativo del Art.10 de la Ley 34\/2002, de 11 de julio, de servicios de la sociedad de la informaci\u00f3n y de comercio electr\u00f3nico. \u00a0En...","og_url":"https:\/\/www.mercadisfraces.es\/blog\/aviso-legal\/","og_site_name":"Blog Mercadisfraces","article_modified_time":"2024-09-16T19:16:19+00:00","og_image":[{"width":625,"height":369,"url":"https:\/\/www.mercadisfraces.es\/blog\/wp-content\/uploads\/2015\/03\/aviso-legal.jpg","type":"image\/jpeg"}],"twitter_misc":{"Tiempo de lectura":"7 minutos"},"schema":{"@context":"https:\/\/schema.org","@graph":[{"@type":"WebPage","@id":"https:\/\/www.mercadisfraces.es\/blog\/aviso-legal\/","url":"https:\/\/www.mercadisfraces.es\/blog\/aviso-legal\/","name":"Aviso Legal - Blog Mercadisfraces","isPartOf":{"@id":"https:\/\/www.mercadisfraces.es\/blog\/#website"},"primaryImageOfPage":{"@id":"https:\/\/www.mercadisfraces.es\/blog\/aviso-legal\/#primaryimage"},"image":{"@id":"https:\/\/www.mercadisfraces.es\/blog\/aviso-legal\/#primaryimage"},"thumbnailUrl":"https:\/\/www.mercadisfraces.es\/blog\/wp-content\/uploads\/2015\/03\/aviso-legal.jpg","datePublished":"2015-03-31T09:50:18+00:00","dateModified":"2024-09-16T19:16:19+00:00","breadcrumb":{"@id":"https:\/\/www.mercadisfraces.es\/blog\/aviso-legal\/#breadcrumb"},"inLanguage":"es","potentialAction":[{"@type":"ReadAction","target":["https:\/\/www.mercadisfraces.es\/blog\/aviso-legal\/"]}]},{"@type":"ImageObject","inLanguage":"es","@id":"https:\/\/www.mercadisfraces.es\/blog\/aviso-legal\/#primaryimage","url":"https:\/\/www.mercadisfraces.es\/blog\/wp-content\/uploads\/2015\/03\/aviso-legal.jpg","contentUrl":"https:\/\/www.mercadisfraces.es\/blog\/wp-content\/uploads\/2015\/03\/aviso-legal.jpg","width":625,"height":369},{"@type":"BreadcrumbList","@id":"https:\/\/www.mercadisfraces.es\/blog\/aviso-legal\/#breadcrumb","itemListElement":[{"@type":"ListItem","position":1,"name":"Portada","item":"https:\/\/www.mercadisfraces.es\/blog\/"},{"@type":"ListItem","position":2,"name":"Aviso Legal"}]},{"@type":"WebSite","@id":"https:\/\/www.mercadisfraces.es\/blog\/#website","url":"https:\/\/www.mercadisfraces.es\/blog\/","name":"Blog Mercadisfraces","description":"El blog de tu tienda de disfraces online favorita","publisher":{"@id":"https:\/\/www.mercadisfraces.es\/blog\/#organization"},"potentialAction":[{"@type":"SearchAction","target":{"@type":"EntryPoint","urlTemplate":"https:\/\/www.mercadisfraces.es\/blog\/?s={search_term_string}"},"query-input":{"@type":"PropertyValueSpecification","valueRequired":true,"valueName":"search_term_string"}}],"inLanguage":"es"},{"@type":"Organization","@id":"https:\/\/www.mercadisfraces.es\/blog\/#organization","name":"Blog Mercadisfraces","url":"https:\/\/www.mercadisfraces.es\/blog\/","logo":{"@type":"ImageObject","inLanguage":"es","@id":"https:\/\/www.mercadisfraces.es\/blog\/#\/schema\/logo\/image\/","url":"https:\/\/www.mercadisfraces.es\/blog\/wp-content\/uploads\/2015\/03\/mercablanco.png","contentUrl":"https:\/\/www.mercadisfraces.es\/blog\/wp-content\/uploads\/2015\/03\/mercablanco.png","width":278,"height":50,"caption":"Blog Mercadisfraces"},"image":{"@id":"https:\/\/www.mercadisfraces.es\/blog\/#\/schema\/logo\/image\/"}}]}},"taxonomy_info":[],"featured_image_src_large":["https:\/\/www.mercadisfraces.es\/blog\/wp-content\/uploads\/2015\/03\/aviso-legal.jpg",625,369,false],"author_info":{"display_name":"admin","author_link":"https:\/\/www.mercadisfraces.es\/blog\/author\/admin\/"},"comment_info":0,"_links":{"self":[{"href":"https:\/\/www.mercadisfraces.es\/blog\/wp-json\/wp\/v2\/pages\/504"}],"collection":[{"href":"https:\/\/www.mercadisfraces.es\/blog\/wp-json\/wp\/v2\/pages"}],"about":[{"href":"https:\/\/www.mercadisfraces.es\/blog\/wp-json\/wp\/v2\/types\/page"}],"author":[{"embeddable":true,"href":"https:\/\/www.mercadisfraces.es\/blog\/wp-json\/wp\/v2\/users\/1"}],"replies":[{"embeddable":true,"href":"https:\/\/www.mercadisfraces.es\/blog\/wp-json\/wp\/v2\/comments?post=504"}],"version-history":[{"count":4,"href":"https:\/\/www.mercadisfraces.es\/blog\/wp-json\/wp\/v2\/pages\/504\/revisions"}],"predecessor-version":[{"id":1829,"href":"https:\/\/www.mercadisfraces.es\/blog\/wp-json\/wp\/v2\/pages\/504\/revisions\/1829"}],"wp:featuredmedia":[{"embeddable":true,"href":"https:\/\/www.mercadisfraces.es\/blog\/wp-json\/wp\/v2\/media\/512"}],"wp:attachment":[{"href":"https:\/\/www.mercadisfraces.es\/blog\/wp-json\/wp\/v2\/media?parent=504"}],"curies":[{"name":"wp","href":"https:\/\/api.w.org\/{rel}","templated":true}]}}