{"id":502,"date":"2015-03-31T09:49:09","date_gmt":"2015-03-31T09:49:09","guid":{"rendered":"http:\/\/www.kleversoft.net\/merca\/?page_id=502"},"modified":"2024-09-16T21:14:32","modified_gmt":"2024-09-16T19:14:32","slug":"quienes-somos","status":"publish","type":"page","link":"https:\/\/www.mercadisfraces.es\/blog\/quienes-somos\/","title":{"rendered":"\u00bfQuienes somos?"},"content":{"rendered":"\n<h3 class=\"wp-block-heading\"><strong>EXPERIENCIA<\/strong><\/h3>\n\n\n\n<p>Hace m\u00e1s de 20 a\u00f1os que iniciamos nuestra andadura en este mundo del espect\u00e1culo, el arte y el buen humor. Ahora estamos plenamente preparados para asumir este nuevo reto que es vender online a todo el mundo.<\/p>\n\n\n\n<p>Nuestra amplia experiencia en la venta de textiles, disfraces, complementos al disfraz, mercer\u00eda, confecci\u00f3n, danza, maquillaje, etc. hace de Mercadisfraces un portal muy interesante para los grupos, comparsas y, tambi\u00e9n, para el cliente individual pues contamos con un gran equipo de profesionales (vendedores, patronistas, cortadoras, modistas, estilistas) que resolver\u00e1n cualquier duda que tengas.<\/p>\n\n\n\n<h3 class=\"wp-block-heading\"><strong>VARIEDAD<\/strong><\/h3>\n\n\n\n<p>Nuestra tienda Mercamoda ha ido creciendo con los a\u00f1os llegando a los casi 1000 m2 de exposici\u00f3n permanente que tenemos hoy en d\u00eda.<\/p>\n\n\n\n<p>Una exposici\u00f3n en la que lucen m\u00e1s de 10.000 referencias permanentes. De hecho, como dicen nuestros clientes, si no lo tenemos nosotros\u2026 \u00a1dif\u00edcilmente lo encontraran en otro sitio!<\/p>\n\n\n\n<h3 class=\"wp-block-heading\"><strong>PASI\u00d3N<\/strong><\/h3>\n\n\n\n<p>Mercadisfraces es pasi\u00f3n y conocimiento, nadie nos iguala. Cubrimos con \u00e9xito toda la gama de disfraces para carnaval, Halloween, fin de curso, navidad o reyes, despedidas de soltera y de soltero, ferias medievales, eventos y tenemos un amplio surtido de tallas grandes.<\/p>\n\n\n\n<p>&nbsp;<\/p>\n","protected":false},"excerpt":{"rendered":"<p>EXPERIENCIA Hace m\u00e1s de 20 a\u00f1os que iniciamos nuestra andadura en este mundo del espect\u00e1culo, el arte y el buen humor. Ahora estamos plenamente preparados para asumir este nuevo reto que es vender online a todo el mundo. Nuestra amplia experiencia en la venta de textiles, disfraces, complementos al disfraz, mercer\u00eda, confecci\u00f3n, danza, maquillaje, etc&#8230;.<\/p>\n","protected":false},"author":1,"featured_media":513,"parent":0,"menu_order":0,"comment_status":"open","ping_status":"open","template":"","meta":{"_kad_blocks_custom_css":"","_kad_blocks_head_custom_js":"","_kad_blocks_body_custom_js":"","_kad_blocks_footer_custom_js":"","_kadence_starter_templates_imported_post":false,"_kad_post_transparent":"","_kad_post_title":"","_kad_post_layout":"normal","_kad_post_sidebar_id":"","_kad_post_content_style":"","_kad_post_vertical_padding":"","_kad_post_feature":"","_kad_post_feature_position":"","_kad_post_header":false,"_kad_post_footer":false,"footnotes":""},"class_list":["post-502","page","type-page","status-publish","has-post-thumbnail","hentry"],"yoast_head":"<!-- This site is optimized with the Yoast SEO plugin v23.4 - https:\/\/yoast.com\/wordpress\/plugins\/seo\/ -->\n<title>\u00bfQuienes somos? - Blog Mercadisfraces<\/title>\n<meta name=\"robots\" content=\"index, follow, max-snippet:-1, max-image-preview:large, max-video-preview:-1\" \/>\n<link rel=\"canonical\" href=\"https:\/\/www.mercadisfraces.es\/blog\/quienes-somos\/\" \/>\n<meta property=\"og:locale\" content=\"es_ES\" \/>\n<meta property=\"og:type\" content=\"article\" \/>\n<meta property=\"og:title\" content=\"\u00bfQuienes somos? - Blog Mercadisfraces\" \/>\n<meta property=\"og:description\" content=\"EXPERIENCIA Hace m\u00e1s de 20 a\u00f1os que iniciamos nuestra andadura en este mundo del espect\u00e1culo, el arte y el buen humor. Ahora estamos plenamente preparados para asumir este nuevo reto que es vender online a todo el mundo. Nuestra amplia experiencia en la venta de textiles, disfraces, complementos al disfraz, mercer\u00eda, confecci\u00f3n, danza, maquillaje, etc....\" \/>\n<meta property=\"og:url\" content=\"https:\/\/www.mercadisfraces.es\/blog\/quienes-somos\/\" \/>\n<meta property=\"og:site_name\" content=\"Blog Mercadisfraces\" \/>\n<meta property=\"article:modified_time\" content=\"2024-09-16T19:14:32+00:00\" \/>\n<meta property=\"og:image\" content=\"https:\/\/www.mercadisfraces.es\/blog\/wp-content\/uploads\/2015\/03\/quienes-somos.jpg\" \/>\n\t<meta property=\"og:image:width\" content=\"597\" \/>\n\t<meta property=\"og:image:height\" content=\"310\" \/>\n\t<meta property=\"og:image:type\" content=\"image\/jpeg\" \/>\n<meta name=\"twitter:label1\" content=\"Tiempo de lectura\" \/>\n\t<meta name=\"twitter:data1\" content=\"2 minutos\" \/>\n<script type=\"application\/ld+json\" class=\"yoast-schema-graph\">{\"@context\":\"https:\/\/schema.org\",\"@graph\":[{\"@type\":\"WebPage\",\"@id\":\"https:\/\/www.mercadisfraces.es\/blog\/quienes-somos\/\",\"url\":\"https:\/\/www.mercadisfraces.es\/blog\/quienes-somos\/\",\"name\":\"\u00bfQuienes somos? - Blog Mercadisfraces\",\"isPartOf\":{\"@id\":\"https:\/\/www.mercadisfraces.es\/blog\/#website\"},\"primaryImageOfPage\":{\"@id\":\"https:\/\/www.mercadisfraces.es\/blog\/quienes-somos\/#primaryimage\"},\"image\":{\"@id\":\"https:\/\/www.mercadisfraces.es\/blog\/quienes-somos\/#primaryimage\"},\"thumbnailUrl\":\"https:\/\/www.mercadisfraces.es\/blog\/wp-content\/uploads\/2015\/03\/quienes-somos.jpg\",\"datePublished\":\"2015-03-31T09:49:09+00:00\",\"dateModified\":\"2024-09-16T19:14:32+00:00\",\"breadcrumb\":{\"@id\":\"https:\/\/www.mercadisfraces.es\/blog\/quienes-somos\/#breadcrumb\"},\"inLanguage\":\"es\",\"potentialAction\":[{\"@type\":\"ReadAction\",\"target\":[\"https:\/\/www.mercadisfraces.es\/blog\/quienes-somos\/\"]}]},{\"@type\":\"ImageObject\",\"inLanguage\":\"es\",\"@id\":\"https:\/\/www.mercadisfraces.es\/blog\/quienes-somos\/#primaryimage\",\"url\":\"https:\/\/www.mercadisfraces.es\/blog\/wp-content\/uploads\/2015\/03\/quienes-somos.jpg\",\"contentUrl\":\"https:\/\/www.mercadisfraces.es\/blog\/wp-content\/uploads\/2015\/03\/quienes-somos.jpg\",\"width\":597,\"height\":310},{\"@type\":\"BreadcrumbList\",\"@id\":\"https:\/\/www.mercadisfraces.es\/blog\/quienes-somos\/#breadcrumb\",\"itemListElement\":[{\"@type\":\"ListItem\",\"position\":1,\"name\":\"Portada\",\"item\":\"https:\/\/www.mercadisfraces.es\/blog\/\"},{\"@type\":\"ListItem\",\"position\":2,\"name\":\"\u00bfQuienes somos?\"}]},{\"@type\":\"WebSite\",\"@id\":\"https:\/\/www.mercadisfraces.es\/blog\/#website\",\"url\":\"https:\/\/www.mercadisfraces.es\/blog\/\",\"name\":\"Blog Mercadisfraces\",\"description\":\"El blog de tu tienda de disfraces online favorita\",\"publisher\":{\"@id\":\"https:\/\/www.mercadisfraces.es\/blog\/#organization\"},\"potentialAction\":[{\"@type\":\"SearchAction\",\"target\":{\"@type\":\"EntryPoint\",\"urlTemplate\":\"https:\/\/www.mercadisfraces.es\/blog\/?s={search_term_string}\"},\"query-input\":{\"@type\":\"PropertyValueSpecification\",\"valueRequired\":true,\"valueName\":\"search_term_string\"}}],\"inLanguage\":\"es\"},{\"@type\":\"Organization\",\"@id\":\"https:\/\/www.mercadisfraces.es\/blog\/#organization\",\"name\":\"Blog Mercadisfraces\",\"url\":\"https:\/\/www.mercadisfraces.es\/blog\/\",\"logo\":{\"@type\":\"ImageObject\",\"inLanguage\":\"es\",\"@id\":\"https:\/\/www.mercadisfraces.es\/blog\/#\/schema\/logo\/image\/\",\"url\":\"https:\/\/www.mercadisfraces.es\/blog\/wp-content\/uploads\/2015\/03\/mercablanco.png\",\"contentUrl\":\"https:\/\/www.mercadisfraces.es\/blog\/wp-content\/uploads\/2015\/03\/mercablanco.png\",\"width\":278,\"height\":50,\"caption\":\"Blog Mercadisfraces\"},\"image\":{\"@id\":\"https:\/\/www.mercadisfraces.es\/blog\/#\/schema\/logo\/image\/\"}}]}<\/script>\n<!-- \/ Yoast SEO plugin. -->","yoast_head_json":{"title":"\u00bfQuienes somos? - Blog Mercadisfraces","robots":{"index":"index","follow":"follow","max-snippet":"max-snippet:-1","max-image-preview":"max-image-preview:large","max-video-preview":"max-video-preview:-1"},"canonical":"https:\/\/www.mercadisfraces.es\/blog\/quienes-somos\/","og_locale":"es_ES","og_type":"article","og_title":"\u00bfQuienes somos? - Blog Mercadisfraces","og_description":"EXPERIENCIA Hace m\u00e1s de 20 a\u00f1os que iniciamos nuestra andadura en este mundo del espect\u00e1culo, el arte y el buen humor. Ahora estamos plenamente preparados para asumir este nuevo reto que es vender online a todo el mundo. Nuestra amplia experiencia en la venta de textiles, disfraces, complementos al disfraz, mercer\u00eda, confecci\u00f3n, danza, maquillaje, etc....","og_url":"https:\/\/www.mercadisfraces.es\/blog\/quienes-somos\/","og_site_name":"Blog Mercadisfraces","article_modified_time":"2024-09-16T19:14:32+00:00","og_image":[{"width":597,"height":310,"url":"https:\/\/www.mercadisfraces.es\/blog\/wp-content\/uploads\/2015\/03\/quienes-somos.jpg","type":"image\/jpeg"}],"twitter_misc":{"Tiempo de lectura":"2 minutos"},"schema":{"@context":"https:\/\/schema.org","@graph":[{"@type":"WebPage","@id":"https:\/\/www.mercadisfraces.es\/blog\/quienes-somos\/","url":"https:\/\/www.mercadisfraces.es\/blog\/quienes-somos\/","name":"\u00bfQuienes somos? - Blog Mercadisfraces","isPartOf":{"@id":"https:\/\/www.mercadisfraces.es\/blog\/#website"},"primaryImageOfPage":{"@id":"https:\/\/www.mercadisfraces.es\/blog\/quienes-somos\/#primaryimage"},"image":{"@id":"https:\/\/www.mercadisfraces.es\/blog\/quienes-somos\/#primaryimage"},"thumbnailUrl":"https:\/\/www.mercadisfraces.es\/blog\/wp-content\/uploads\/2015\/03\/quienes-somos.jpg","datePublished":"2015-03-31T09:49:09+00:00","dateModified":"2024-09-16T19:14:32+00:00","breadcrumb":{"@id":"https:\/\/www.mercadisfraces.es\/blog\/quienes-somos\/#breadcrumb"},"inLanguage":"es","potentialAction":[{"@type":"ReadAction","target":["https:\/\/www.mercadisfraces.es\/blog\/quienes-somos\/"]}]},{"@type":"ImageObject","inLanguage":"es","@id":"https:\/\/www.mercadisfraces.es\/blog\/quienes-somos\/#primaryimage","url":"https:\/\/www.mercadisfraces.es\/blog\/wp-content\/uploads\/2015\/03\/quienes-somos.jpg","contentUrl":"https:\/\/www.mercadisfraces.es\/blog\/wp-content\/uploads\/2015\/03\/quienes-somos.jpg","width":597,"height":310},{"@type":"BreadcrumbList","@id":"https:\/\/www.mercadisfraces.es\/blog\/quienes-somos\/#breadcrumb","itemListElement":[{"@type":"ListItem","position":1,"name":"Portada","item":"https:\/\/www.mercadisfraces.es\/blog\/"},{"@type":"ListItem","position":2,"name":"\u00bfQuienes somos?"}]},{"@type":"WebSite","@id":"https:\/\/www.mercadisfraces.es\/blog\/#website","url":"https:\/\/www.mercadisfraces.es\/blog\/","name":"Blog Mercadisfraces","description":"El blog de tu tienda de disfraces online favorita","publisher":{"@id":"https:\/\/www.mercadisfraces.es\/blog\/#organization"},"potentialAction":[{"@type":"SearchAction","target":{"@type":"EntryPoint","urlTemplate":"https:\/\/www.mercadisfraces.es\/blog\/?s={search_term_string}"},"query-input":{"@type":"PropertyValueSpecification","valueRequired":true,"valueName":"search_term_string"}}],"inLanguage":"es"},{"@type":"Organization","@id":"https:\/\/www.mercadisfraces.es\/blog\/#organization","name":"Blog Mercadisfraces","url":"https:\/\/www.mercadisfraces.es\/blog\/","logo":{"@type":"ImageObject","inLanguage":"es","@id":"https:\/\/www.mercadisfraces.es\/blog\/#\/schema\/logo\/image\/","url":"https:\/\/www.mercadisfraces.es\/blog\/wp-content\/uploads\/2015\/03\/mercablanco.png","contentUrl":"https:\/\/www.mercadisfraces.es\/blog\/wp-content\/uploads\/2015\/03\/mercablanco.png","width":278,"height":50,"caption":"Blog Mercadisfraces"},"image":{"@id":"https:\/\/www.mercadisfraces.es\/blog\/#\/schema\/logo\/image\/"}}]}},"taxonomy_info":[],"featured_image_src_large":["https:\/\/www.mercadisfraces.es\/blog\/wp-content\/uploads\/2015\/03\/quienes-somos.jpg",597,310,false],"author_info":{"display_name":"admin","author_link":"https:\/\/www.mercadisfraces.es\/blog\/author\/admin\/"},"comment_info":0,"_links":{"self":[{"href":"https:\/\/www.mercadisfraces.es\/blog\/wp-json\/wp\/v2\/pages\/502"}],"collection":[{"href":"https:\/\/www.mercadisfraces.es\/blog\/wp-json\/wp\/v2\/pages"}],"about":[{"href":"https:\/\/www.mercadisfraces.es\/blog\/wp-json\/wp\/v2\/types\/page"}],"author":[{"embeddable":true,"href":"https:\/\/www.mercadisfraces.es\/blog\/wp-json\/wp\/v2\/users\/1"}],"replies":[{"embeddable":true,"href":"https:\/\/www.mercadisfraces.es\/blog\/wp-json\/wp\/v2\/comments?post=502"}],"version-history":[{"count":7,"href":"https:\/\/www.mercadisfraces.es\/blog\/wp-json\/wp\/v2\/pages\/502\/revisions"}],"predecessor-version":[{"id":1827,"href":"https:\/\/www.mercadisfraces.es\/blog\/wp-json\/wp\/v2\/pages\/502\/revisions\/1827"}],"wp:featuredmedia":[{"embeddable":true,"href":"https:\/\/www.mercadisfraces.es\/blog\/wp-json\/wp\/v2\/media\/513"}],"wp:attachment":[{"href":"https:\/\/www.mercadisfraces.es\/blog\/wp-json\/wp\/v2\/media?parent=502"}],"curies":[{"name":"wp","href":"https:\/\/api.w.org\/{rel}","templated":true}]}}